{"id":9,"date":"2021-07-07T10:53:47","date_gmt":"2021-07-07T10:53:47","guid":{"rendered":"http:\/\/fesztival-taxi.hu\/?page_id=9"},"modified":"2024-08-22T23:28:07","modified_gmt":"2024-08-22T23:28:07","slug":"9-2","status":"publish","type":"page","link":"http:\/\/fesztival-taxi.hu\/","title":{"rendered":"Fesztiv\u00e1l Taxi &#8211; \u00c1rak"},"content":{"rendered":"<p>[et_pb_section fb_built=&#8221;1&#8243; admin_label=&#8221;Service Types&#8221; _builder_version=&#8221;4.27.0&#8243; max_width=&#8221;94%&#8221; max_width_tablet=&#8221;90%&#8221; max_width_phone=&#8221;100%&#8221; max_width_last_edited=&#8221;on|desktop&#8221; module_alignment=&#8221;right&#8221; custom_margin=&#8221;0px|0px|0px|0px|false|false&#8221; custom_margin_last_edited=&#8221;off|desktop&#8221; custom_padding=&#8221;0px|0px|0px|0px|false|false&#8221; animation_style=&#8221;slide&#8221; animation_direction=&#8221;left&#8221; animation_intensity_slide=&#8221;5%&#8221; border_radii=&#8221;on|6px|6px|6px|6px&#8221; box_shadow_style=&#8221;preset4&#8243; box_shadow_horizontal=&#8221;20px&#8221; box_shadow_vertical=&#8221;20px&#8221; box_shadow_color=&#8221;rgba(48,106,255,0.16)&#8221; global_colors_info=&#8221;{}&#8221;][et_pb_row column_structure=&#8221;2_5,3_5&#8243; _builder_version=&#8221;4.27.0&#8243; _module_preset=&#8221;default&#8221; custom_padding=&#8221;||9px|||&#8221; global_colors_info=&#8221;{}&#8221;][et_pb_column type=&#8221;2_5&#8243; _builder_version=&#8221;4.27.0&#8243; _module_preset=&#8221;default&#8221; global_colors_info=&#8221;{}&#8221;][et_pb_image src=&#8221;http:\/\/fesztival-taxi.hu\/wp-content\/uploads\/2024\/08\/strandfesztival01.png&#8221; title_text=&#8221;strandfesztival01&#8243; url=&#8221;https:\/\/www.strandfesztival.com\/hu\/&#8221; url_new_window=&#8221;on&#8221; _builder_version=&#8221;4.27.0&#8243; _module_preset=&#8221;default&#8221; global_colors_info=&#8221;{}&#8221;][\/et_pb_image][et_pb_text _builder_version=&#8221;4.27.0&#8243; _module_preset=&#8221;default&#8221; header_font=&#8221;ABeeZee||||||||&#8221; header_font_size=&#8221;25px&#8221; min_height=&#8221;82px&#8221; custom_padding=&#8221;||0px|||&#8221; global_colors_info=&#8221;{}&#8221;]<\/p>\n<div class=\"col-md-3 hidden--below-desktop\">\n<div class=\"event__details\">\n<h1 class=\"event__place\" style=\"text-align: center;\"><span style=\"color: #b01c1f;\"><strong>2024.aug.22-24. Zam\u00e1rdi<\/strong><\/span><\/h1>\n<\/div>\n<\/div>\n<p>[\/et_pb_text][\/et_pb_column][et_pb_column type=&#8221;3_5&#8243; _builder_version=&#8221;4.27.0&#8243; _module_preset=&#8221;default&#8221; global_colors_info=&#8221;{}&#8221;][et_pb_text _builder_version=&#8221;4.27.0&#8243; _module_preset=&#8221;default&#8221; header_font=&#8221;ABeeZee||on||||||&#8221; header_font_size=&#8221;45px&#8221; custom_padding=&#8221;5px||7px|||&#8221; global_colors_info=&#8221;{}&#8221;]<\/p>\n<p><span style=\"color: #000000;\">H\u00edvjon minket:<\/span><\/p>\n<h1 style=\"text-align: center;\"><a href=\"tel:06306216161\"><strong>+36 30 621 6161<\/strong><\/a><\/h1>\n<p>[\/et_pb_text][et_pb_text _builder_version=&#8221;4.27.0&#8243; _module_preset=&#8221;default&#8221; custom_padding=&#8221;2px|||||&#8221; global_colors_info=&#8221;{}&#8221;]<\/p>\n<p style=\"text-align: left;\">Taxi viteld\u00edjak a Strand Fesztiv\u00e1l alatt:<\/p>\n<p style=\"text-align: center;\"><b> Alapd\u00edj\u00a0\u00a0\u00a0 \u00a0\u00a0 \u00a0\u00a0 \u00a0 \u00a0\u00a0\u00a0 \u00a0 \u00a0 \u00a0 \u00a0 \u00a0 \u00a0\u00a0 Km d\u00edj\u00a0\u00a0 \u00a0\u00a0 \u00a0\u00a0\u00a0\u00a0\u00a0\u00a0\u00a0\u00a0\u00a0\u00a0\u00a0\u00a0\u00a0\u00a0\u00a0 V\u00e1rakoz\u00e1s<br \/><\/b><\/p>\n<p style=\"text-align: center;\"><b>1-4 f\u0151ig\u00a0\u00a0\u00a0 \u00a0\u00a0\u00a0 3.000 Ft\/alkalom \u00a0\u00a0\u00a0 \u00a0\u00a0 800 Ft\/km \u00a0\u00a0 200 Ft\/perc<\/b><\/p>\n<p style=\"text-align: center;\"><b>5-6 f\u0151-ig\u00a0\u00a0 \u00a0 \u00a0 4.000 Ft\/alkalom\u00a0\u00a0\u00a0\u00a0 1.000 Ft\/km \u00a0 200 Ft\/perc<\/b><\/p>\n<p>[\/et_pb_text][\/et_pb_column][\/et_pb_row][et_pb_row _builder_version=&#8221;4.27.0&#8243; _module_preset=&#8221;default&#8221; custom_padding=&#8221;10px|||||&#8221; global_colors_info=&#8221;{}&#8221;][et_pb_column type=&#8221;4_4&#8243; _builder_version=&#8221;4.27.0&#8243; _module_preset=&#8221;default&#8221; global_colors_info=&#8221;{}&#8221;][et_pb_text _builder_version=&#8221;4.27.0&#8243; _module_preset=&#8221;default&#8221; global_colors_info=&#8221;{}&#8221;]<\/p>\n<p>Aj\u00e1nlott fogyaszt\u00f3i \u00e1rak Zam\u00e1rdib\u00f3l:<\/p>\n<table style=\"border-collapse: collapse; width: 100%; height: 312px;\" border=\"1\">\n<tbody>\n<tr style=\"height: 24px;\">\n<td style=\"width: 33.3333%; height: 24px;\"><span style=\"text-decoration: underline;\">Hov\u00e1:<\/span><\/td>\n<td style=\"width: 33.3333%; height: 24px; text-align: left;\"><span style=\"color: #b01c1f;\"><strong>1-4 f\u0151-ig<\/strong><\/span><\/td>\n<td style=\"width: 33.3333%; height: 24px; text-align: left;\"><span style=\"color: #b01c1f;\"><strong>4-6 f\u0151-ig<\/strong><\/span><\/td>\n<\/tr>\n<tr style=\"box-sizing: border-box; height: 24px;\">\n<td style=\"box-sizing: border-box; border-top: 1px solid #eeeeee; padding: 6px 24px; width: 33.3333%; height: 24px;\"><strong style=\"box-sizing: border-box; margin: 0px; padding: 0px; border: 0px; outline: 0px; font-size: 14px; vertical-align: baseline; background: transparent; font-weight: bold;\">Zam\u00e1rdi<\/strong><\/td>\n<td style=\"box-sizing: border-box; border-top: 1px solid #eeeeee; padding: 6px 24px; width: 33.3333%; height: 24px;\"><strong style=\"box-sizing: border-box; margin: 0px; padding: 0px; border: 0px; outline: 0px; font-size: 14px; vertical-align: baseline; background: transparent; font-weight: bold;\">4.000 Ft<\/strong><\/td>\n<td style=\"box-sizing: border-box; border-top: 1px solid #eeeeee; padding: 6px 24px; width: 33.3333%; height: 24px;\"><strong style=\"box-sizing: border-box; margin: 0px; padding: 0px; border: 0px; outline: 0px; font-size: 14px; vertical-align: baseline; background: transparent; font-weight: bold;\">6 000 Ft<\/strong><\/td>\n<\/tr>\n<tr style=\"box-sizing: border-box; height: 24px;\">\n<td style=\"box-sizing: border-box; border-top: 1px solid #eeeeee; padding: 6px 24px; width: 33.3333%; height: 24px;\"><strong style=\"box-sizing: border-box; margin: 0px; padding: 0px; border: 0px; outline: 0px; font-size: 14px; vertical-align: baseline; background: transparent; font-weight: bold;\">Zam\u00e1rdi \u2013 Fels\u0151<\/strong><\/td>\n<td style=\"box-sizing: border-box; border-top: 1px solid #eeeeee; padding: 6px 24px; width: 33.3333%; height: 24px;\"><strong style=\"box-sizing: border-box; margin: 0px; padding: 0px; border: 0px; outline: 0px; font-size: 14px; vertical-align: baseline; background: transparent; font-weight: bold;\">5 000 Ft<\/strong><\/td>\n<td style=\"box-sizing: border-box; border-top: 1px solid #eeeeee; padding: 6px 24px; width: 33.3333%; height: 24px;\"><strong style=\"box-sizing: border-box; margin: 0px; padding: 0px; border: 0px; outline: 0px; font-size: 14px; vertical-align: baseline; background: transparent; font-weight: bold;\">7 500 Ft<\/strong><\/td>\n<\/tr>\n<tr style=\"box-sizing: border-box; height: 24px;\">\n<td style=\"box-sizing: border-box; border-top: 1px solid #eeeeee; padding: 6px 24px; width: 33.3333%; height: 24px;\"><strong style=\"box-sizing: border-box; margin: 0px; padding: 0px; border: 0px; outline: 0px; font-size: 14px; vertical-align: baseline; background: transparent; font-weight: bold;\">Sz\u00e9plak \u2013 Als\u00f3<\/strong><\/td>\n<td style=\"box-sizing: border-box; border-top: 1px solid #eeeeee; padding: 6px 24px; width: 33.3333%; height: 24px;\"><strong style=\"box-sizing: border-box; margin: 0px; padding: 0px; border: 0px; outline: 0px; font-size: 14px; vertical-align: baseline; background: transparent; font-weight: bold;\">6 000 Ft<\/strong><\/td>\n<td style=\"box-sizing: border-box; border-top: 1px solid #eeeeee; padding: 6px 24px; width: 33.3333%; height: 24px;\"><strong style=\"box-sizing: border-box; margin: 0px; padding: 0px; border: 0px; outline: 0px; font-size: 14px; vertical-align: baseline; background: transparent; font-weight: bold;\">9 000 Ft<\/strong><\/td>\n<\/tr>\n<tr style=\"box-sizing: border-box; height: 24px;\">\n<td style=\"box-sizing: border-box; border-top: 1px solid #eeeeee; padding: 6px 24px; width: 33.3333%; height: 24px;\"><strong style=\"box-sizing: border-box; margin: 0px; padding: 0px; border: 0px; outline: 0px; font-size: 14px; vertical-align: baseline; background: transparent; font-weight: bold;\">Sz\u00e9plak \u2013 Fels\u0151<\/strong><\/td>\n<td style=\"box-sizing: border-box; border-top: 1px solid #eeeeee; padding: 6px 24px; width: 33.3333%; height: 24px;\"><strong style=\"box-sizing: border-box; margin: 0px; padding: 0px; border: 0px; outline: 0px; font-size: 14px; vertical-align: baseline; background: transparent; font-weight: bold;\">7000 Ft<\/strong><\/td>\n<td style=\"box-sizing: border-box; border-top: 1px solid #eeeeee; padding: 6px 24px; width: 33.3333%; height: 24px;\"><strong style=\"box-sizing: border-box; margin: 0px; padding: 0px; border: 0px; outline: 0px; font-size: 14px; vertical-align: baseline; background: transparent; font-weight: bold;\">10 500 Ft<\/strong><\/td>\n<\/tr>\n<tr style=\"box-sizing: border-box; height: 24px;\">\n<td style=\"box-sizing: border-box; border-top: 1px solid #eeeeee; padding: 6px 24px; width: 33.3333%; height: 24px;\"><strong style=\"box-sizing: border-box; margin: 0px; padding: 0px; border: 0px; outline: 0px; font-size: 14px; vertical-align: baseline; background: transparent; font-weight: bold;\">Si\u00f3fok \u2013 Ez\u00fcstpart<\/strong><\/td>\n<td style=\"box-sizing: border-box; border-top: 1px solid #eeeeee; padding: 6px 24px; width: 33.3333%; height: 24px;\"><strong style=\"box-sizing: border-box; margin: 0px; padding: 0px; border: 0px; outline: 0px; font-size: 14px; vertical-align: baseline; background: transparent; font-weight: bold;\">8.000 Ft<\/strong><\/td>\n<td style=\"box-sizing: border-box; border-top: 1px solid #eeeeee; padding: 6px 24px; width: 33.3333%; height: 24px;\"><strong style=\"box-sizing: border-box; margin: 0px; padding: 0px; border: 0px; outline: 0px; font-size: 14px; vertical-align: baseline; background: transparent; font-weight: bold;\">12 000 Ft<\/strong><\/td>\n<\/tr>\n<tr style=\"box-sizing: border-box; height: 24px;\">\n<td style=\"box-sizing: border-box; border-top: 1px solid #eeeeee; padding: 6px 24px; width: 33.3333%; height: 24px;\"><strong style=\"box-sizing: border-box; margin: 0px; padding: 0px; border: 0px; outline: 0px; font-size: 14px; vertical-align: baseline; background: transparent; font-weight: bold;\">Si\u00f3fok Centrum<\/strong><\/td>\n<td style=\"box-sizing: border-box; border-top: 1px solid #eeeeee; padding: 6px 24px; width: 33.3333%; height: 24px;\"><strong style=\"box-sizing: border-box; margin: 0px; padding: 0px; border: 0px; outline: 0px; font-size: 14px; vertical-align: baseline; background: transparent; font-weight: bold;\">10 000 Ft<\/strong><\/td>\n<td style=\"box-sizing: border-box; border-top: 1px solid #eeeeee; padding: 6px 24px; width: 33.3333%; height: 24px;\"><strong style=\"box-sizing: border-box; margin: 0px; padding: 0px; border: 0px; outline: 0px; font-size: 14px; vertical-align: baseline; background: transparent; font-weight: bold;\">15 000 Ft<\/strong><\/td>\n<\/tr>\n<tr style=\"box-sizing: border-box; height: 24px;\">\n<td style=\"box-sizing: border-box; border-top: 1px solid #eeeeee; padding: 6px 24px; width: 33.3333%; height: 24px;\"><strong style=\"box-sizing: border-box; margin: 0px; padding: 0px; border: 0px; outline: 0px; font-size: 14px; vertical-align: baseline; background: transparent; font-weight: bold;\">Si\u00f3fok \u2013 Aranypart<\/strong><\/td>\n<td style=\"box-sizing: border-box; border-top: 1px solid #eeeeee; padding: 6px 24px; width: 33.3333%; height: 24px;\"><strong style=\"box-sizing: border-box; margin: 0px; padding: 0px; border: 0px; outline: 0px; font-size: 14px; vertical-align: baseline; background: transparent; font-weight: bold;\">12 000 Ft<\/strong><\/td>\n<td style=\"box-sizing: border-box; border-top: 1px solid #eeeeee; padding: 6px 24px; width: 33.3333%; height: 24px;\"><strong style=\"box-sizing: border-box; margin: 0px; padding: 0px; border: 0px; outline: 0px; font-size: 14px; vertical-align: baseline; background: transparent; font-weight: bold;\">18 000 Ft<\/strong><\/td>\n<\/tr>\n<tr style=\"box-sizing: border-box; height: 24px;\">\n<td style=\"box-sizing: border-box; border-top: 1px solid #eeeeee; padding: 6px 24px; width: 33.3333%; height: 24px;\"><strong style=\"box-sizing: border-box; margin: 0px; padding: 0px; border: 0px; outline: 0px; font-size: 14px; vertical-align: baseline; background: transparent; font-weight: bold;\">Balatonendr\u00e9d<\/strong><\/td>\n<td style=\"box-sizing: border-box; border-top: 1px solid #eeeeee; padding: 6px 24px; width: 33.3333%; height: 24px;\"><strong style=\"box-sizing: border-box; margin: 0px; padding: 0px; border: 0px; outline: 0px; font-size: 14px; vertical-align: baseline; background: transparent; font-weight: bold;\">9 000 Ft<\/strong><\/td>\n<td style=\"box-sizing: border-box; border-top: 1px solid #eeeeee; padding: 6px 24px; width: 33.3333%; height: 24px;\"><strong style=\"box-sizing: border-box; margin: 0px; padding: 0px; border: 0px; outline: 0px; font-size: 14px; vertical-align: baseline; background: transparent; font-weight: bold;\">13 500 Ft<\/strong><\/td>\n<\/tr>\n<tr style=\"box-sizing: border-box; height: 24px;\">\n<td style=\"box-sizing: border-box; border-top: 1px solid #eeeeee; padding: 6px 24px; width: 33.3333%; height: 24px;\"><strong style=\"box-sizing: border-box; margin: 0px; padding: 0px; border: 0px; outline: 0px; font-size: 14px; vertical-align: baseline; background: transparent; font-weight: bold;\">Sz\u00e1nt\u00f3d<\/strong><\/td>\n<td style=\"box-sizing: border-box; border-top: 1px solid #eeeeee; padding: 6px 24px; width: 33.3333%; height: 24px;\"><strong style=\"box-sizing: border-box; margin: 0px; padding: 0px; border: 0px; outline: 0px; font-size: 14px; vertical-align: baseline; background: transparent; font-weight: bold;\">5.000 Ft<\/strong><\/td>\n<td style=\"box-sizing: border-box; border-top: 1px solid #eeeeee; padding: 6px 24px; width: 33.3333%; height: 24px;\"><strong style=\"box-sizing: border-box; margin: 0px; padding: 0px; border: 0px; outline: 0px; font-size: 14px; vertical-align: baseline; background: transparent; font-weight: bold;\">7.500 Ft<\/strong><\/td>\n<\/tr>\n<tr style=\"box-sizing: border-box; height: 24px;\">\n<td style=\"box-sizing: border-box; border-top: 1px solid #eeeeee; padding: 6px 24px; width: 33.3333%; height: 24px;\"><strong style=\"box-sizing: border-box; margin: 0px; padding: 0px; border: 0px; outline: 0px; font-size: 14px; vertical-align: baseline; background: transparent; font-weight: bold;\">Balatonf\u00f6ldv\u00e1r<\/strong><\/td>\n<td style=\"box-sizing: border-box; border-top: 1px solid #eeeeee; padding: 6px 24px; width: 33.3333%; height: 24px;\"><strong style=\"box-sizing: border-box; margin: 0px; padding: 0px; border: 0px; outline: 0px; font-size: 14px; vertical-align: baseline; background: transparent; font-weight: bold;\">7 000 Ft<\/strong><\/td>\n<td style=\"box-sizing: border-box; border-top: 1px solid #eeeeee; padding: 6px 24px; width: 33.3333%; height: 24px;\"><strong style=\"box-sizing: border-box; margin: 0px; padding: 0px; border: 0px; outline: 0px; font-size: 14px; vertical-align: baseline; background: transparent; font-weight: bold;\">10.500 Ft<br \/><\/strong><\/td>\n<\/tr>\n<tr style=\"box-sizing: border-box; height: 24px;\">\n<td style=\"box-sizing: border-box; border-top: 1px solid #eeeeee; padding: 6px 24px; width: 33.3333%; height: 24px;\"><strong style=\"box-sizing: border-box; margin: 0px; padding: 0px; border: 0px; outline: 0px; font-size: 14px; vertical-align: baseline; background: transparent; font-weight: bold;\">K\u0151r\u00f6shegy<\/strong><\/td>\n<td style=\"box-sizing: border-box; border-top: 1px solid #eeeeee; padding: 6px 24px; width: 33.3333%; height: 24px;\"><strong style=\"box-sizing: border-box; margin: 0px; padding: 0px; border: 0px; outline: 0px; font-size: 14px; vertical-align: baseline; background: transparent; font-weight: bold;\">10 000 Ft<\/strong><\/td>\n<td style=\"box-sizing: border-box; border-top: 1px solid #eeeeee; padding: 6px 24px; width: 33.3333%; height: 24px;\"><strong style=\"box-sizing: border-box; margin: 0px; padding: 0px; border: 0px; outline: 0px; font-size: 14px; vertical-align: baseline; background: transparent; font-weight: bold;\">15 000 Ft<\/strong><\/td>\n<\/tr>\n<tr style=\"box-sizing: border-box; height: 24px;\">\n<td style=\"box-sizing: border-box; border-top: 1px solid #eeeeee; padding: 6px 24px; width: 33.3333%; height: 24px;\"><strong style=\"box-sizing: border-box; margin: 0px; padding: 0px; border: 0px; outline: 0px; font-size: 14px; vertical-align: baseline; background: transparent; font-weight: bold;\">Balatonsz\u00e1rsz\u00f3<\/strong><\/td>\n<td style=\"box-sizing: border-box; border-top: 1px solid #eeeeee; padding: 6px 24px; width: 33.3333%; height: 24px;\"><strong style=\"box-sizing: border-box; margin: 0px; padding: 0px; border: 0px; outline: 0px; font-size: 14px; vertical-align: baseline; background: transparent; font-weight: bold;\">11 000 Ft<\/strong><\/td>\n<td style=\"box-sizing: border-box; border-top: 1px solid #eeeeee; padding: 6px 24px; width: 33.3333%; height: 24px;\"><strong style=\"box-sizing: border-box; margin: 0px; padding: 0px; border: 0px; outline: 0px; font-size: 14px; vertical-align: baseline; background: transparent; font-weight: bold;\">16 500 Ft<\/strong><\/td>\n<\/tr>\n<\/tbody>\n<\/table>\n<p style=\"text-align: center;\"><span style=\"color: #000000;\">A fenti \u00e1rak a telep\u00fcl\u00e9sek saj\u00e1toss\u00e1gai szerint v\u00e1ltozhatnak a megtett Km \u00e9s v\u00e1rakoz\u00e1s f\u00fcggv\u00e9ny\u00e9ben.<br \/>Minden esetben a taxi\u00f3ra \u00e1ltal mutatott \u00f6sszeg az ir\u00e1nyad\u00f3!<\/span><\/p>\n<h1 style=\"text-align: center;\"><a href=\"tel:06306216161\"><strong>+36 30 621 6161<\/strong><\/a><\/h1>\n<p>[\/et_pb_text][\/et_pb_column][\/et_pb_row][\/et_pb_section]<\/p>\n","protected":false},"excerpt":{"rendered":"<p>2024.aug.22-24. Zam\u00e1rdi H\u00edvjon minket: +36 30 621 6161Taxi viteld\u00edjak a Strand Fesztiv\u00e1l alatt: Alapd\u00edj\u00a0\u00a0\u00a0 \u00a0\u00a0 \u00a0\u00a0 \u00a0 \u00a0\u00a0\u00a0 \u00a0 \u00a0 \u00a0 \u00a0 \u00a0 \u00a0\u00a0 Km d\u00edj\u00a0\u00a0 \u00a0\u00a0 \u00a0\u00a0\u00a0\u00a0\u00a0\u00a0\u00a0\u00a0\u00a0\u00a0\u00a0\u00a0\u00a0\u00a0\u00a0 V\u00e1rakoz\u00e1s 1-4 f\u0151ig\u00a0\u00a0\u00a0 \u00a0\u00a0\u00a0 3.000 Ft\/alkalom \u00a0\u00a0\u00a0 \u00a0\u00a0 800 Ft\/km \u00a0\u00a0 200 Ft\/perc 5-6 f\u0151-ig\u00a0\u00a0 \u00a0 \u00a0 4.000 Ft\/alkalom\u00a0\u00a0\u00a0\u00a0 1.000 Ft\/km \u00a0 200 Ft\/percAj\u00e1nlott fogyaszt\u00f3i \u00e1rak Zam\u00e1rdib\u00f3l: [&hellip;]<\/p>\n","protected":false},"author":1,"featured_media":0,"parent":0,"menu_order":0,"comment_status":"closed","ping_status":"closed","template":"","meta":{"_et_pb_use_builder":"on","_et_pb_old_content":"","_et_gb_content_width":"","footnotes":""},"class_list":["post-9","page","type-page","status-publish","hentry"],"_links":{"self":[{"href":"http:\/\/fesztival-taxi.hu\/index.php?rest_route=\/wp\/v2\/pages\/9"}],"collection":[{"href":"http:\/\/fesztival-taxi.hu\/index.php?rest_route=\/wp\/v2\/pages"}],"about":[{"href":"http:\/\/fesztival-taxi.hu\/index.php?rest_route=\/wp\/v2\/types\/page"}],"author":[{"embeddable":true,"href":"http:\/\/fesztival-taxi.hu\/index.php?rest_route=\/wp\/v2\/users\/1"}],"replies":[{"embeddable":true,"href":"http:\/\/fesztival-taxi.hu\/index.php?rest_route=%2Fwp%2Fv2%2Fcomments&post=9"}],"version-history":[{"count":119,"href":"http:\/\/fesztival-taxi.hu\/index.php?rest_route=\/wp\/v2\/pages\/9\/revisions"}],"predecessor-version":[{"id":274,"href":"http:\/\/fesztival-taxi.hu\/index.php?rest_route=\/wp\/v2\/pages\/9\/revisions\/274"}],"wp:attachment":[{"href":"http:\/\/fesztival-taxi.hu\/index.php?rest_route=%2Fwp%2Fv2%2Fmedia&parent=9"}],"curies":[{"name":"wp","href":"https:\/\/api.w.org\/{rel}","templated":true}]}}